{"id":3,"date":"2023-07-23T00:06:22","date_gmt":"2023-07-22T23:06:22","guid":{"rendered":"https:\/\/mintcream-herring-178514.hostingersite.com\/?page_id=3"},"modified":"2026-02-04T09:58:29","modified_gmt":"2026-02-04T09:58:29","slug":"politica-de-privacidad","status":"publish","type":"page","link":"https:\/\/cachorrosdirectoenventa.es\/nl\/politica-de-privacidad\/","title":{"rendered":"Pol\u00edtica de Privacidad"},"content":{"rendered":"<div class=\"brz brz-root__container brz-reset-all brz-root__container-page\" >\n<section id=\"yHi7lTSYWZo1_yHi7lTSYWZo1\" class=\"brz-section brz-css-d-section brz-css-uiouu7\">\n<div class=\"brz-section__content brz-section--boxed brz-css-d-sectionitem-bg brz-css-xt51xu\" data-brz-custom-id=\"wDder9zUb4tw\">\n<div class=\"brz-container brz-css-d-sectionitem-container brz-css-1hn3pne\">\n<div id=\"\" class=\"brz-css-d-wrapper brz-css-1amkj7s brz-wrapper\">\n<div class=\"brz-rich-text brz-rich-text__custom brz-css-d-richtext brz-css-k7qzsa\" data-brz-custom-id=\"iXdUEd7VqOyZ\">\n<div data-brz-translate-text=\"1\">\n<p class=\"brz-fsft-lg-0 brz-fwdth-lg-100 brz-vfw-lg-400 brz-lh-lg-1_3 brz-ls-lg-0 brz-fw-lg-400 brz-fss-lg-px brz-fs-lg-34 brz-ft-google brz-ff-lexend_deca brz-tp-lg-empty brz-css-pDWAq\" data-generated-css=\"brz-css-msQus\" data-uniq-id=\"wMVSd\"><span class=\"brz-cp-color2\" style=\"color: rgba(var(--brz-global-color2),1);\">Pol\u00edtica de Privacidad<\/span><\/p>\n<p data-generated-css=\"brz-css-tqMaQ\" data-uniq-id=\"rL6UV\" class=\"brz-css-wYFfn\"><\/p>\n<p data-generated-css=\"brz-css-akWBb\" data-uniq-id=\"wRGS4\" class=\"brz-css-uLejY\">En Cachorros Directo, valoramos y respetamos su privacidad. Esta pol\u00edtica explica c\u00f3mo recopilamos, utilizamos y protegemos su informaci\u00f3n personal cuando visita nuestro sitio web o se pone en contacto con nosotros. Al utilizar nuestros servicios, usted acepta las pr\u00e1cticas descritas a continuaci\u00f3n.<\/p>\n<p data-generated-css=\"brz-css-kCKOg\" data-uniq-id=\"cJfK7\" class=\"brz-css-hFv5E\"><\/p>\n<p data-generated-css=\"brz-css-tR1BR\" data-uniq-id=\"dO8lx\" class=\"brz-css-paZzX\">\n<p class=\"brz-fsft-lg-0 brz-fwdth-lg-100 brz-vfw-lg-400 brz-lh-lg-1_3 brz-ls-lg-0 brz-fw-lg-400 brz-fss-lg-px brz-fs-lg-36 brz-ft-google brz-ff-lexend_deca brz-tp-lg-empty brz-css-y1CCw\" data-generated-css=\"brz-css-srKix\" data-uniq-id=\"poDwa\"><span class=\"brz-cp-color2\" style=\"color: rgba(var(--brz-global-color2),1);\">Informaci\u00f3n que recogemos<\/span><\/p>\n<p class=\"brz-fsft-lg-0 brz-fwdth-lg-100 brz-vfw-lg-400 brz-lh-lg-1_3 brz-ls-lg-0 brz-fw-lg-400 brz-fss-lg-px brz-fs-lg-36 brz-ft-google brz-ff-lexend_deca brz-tp-lg-empty brz-css-dVCqU\" data-generated-css=\"brz-css-c9xFJ\" data-uniq-id=\"dndqc\"><span class=\"brz-cp-color2\" style=\"color: rgba(var(--brz-global-color2),1);\"> <\/span><\/p>\n<p data-generated-css=\"brz-css-omrS6\" data-uniq-id=\"wpvL3\" class=\"brz-css-uI_n0\"><\/p>\n<p data-generated-css=\"brz-css-oQnAG\" data-uniq-id=\"itLRy\" class=\"brz-css-pKdtm\">Podemos recoger los siguientes tipos de informaci\u00f3n:<\/p>\n<p data-generated-css=\"brz-css-mMB23\" data-uniq-id=\"qPgRe\" class=\"brz-css-suDGs\"><\/p>\n<p data-generated-css=\"brz-css-zRKFZ\" data-uniq-id=\"eUgTU\" class=\"brz-css-l8fXb\">Datos personales que nos proporciona al realizar una consulta o un pedido, como su nombre, n\u00famero de tel\u00e9fono, direcci\u00f3n de correo electr\u00f3nico y direcci\u00f3n de entrega.<\/p>\n<p data-generated-css=\"brz-css-zayxB\" data-uniq-id=\"zvg3y\" class=\"brz-css-b05GG\"><\/p>\n<p data-generated-css=\"brz-css-ax3uI\" data-uniq-id=\"p84H8\" class=\"brz-css-q1xY0\">Datos de pago al completar una compra (procesados de forma segura a trav\u00e9s de proveedores de pago de confianza).<\/p>\n<p data-generated-css=\"brz-css-vJv8L\" data-uniq-id=\"jDh8x\" class=\"brz-css-eDXBK\"><\/p>\n<p data-generated-css=\"brz-css-zJap_\" data-uniq-id=\"yKrgW\" class=\"brz-css-z1f7_\">Informaci\u00f3n sobre sus interacciones con nuestro sitio web, como las p\u00e1ginas visitadas y el tiempo pasado en el sitio, para mejorar su experiencia.<\/p>\n<p data-generated-css=\"brz-css-tcqLd\" data-uniq-id=\"kw4zP\" class=\"brz-css-rZPm6\"><\/p>\n<p data-generated-css=\"brz-css-pZkVX\" data-uniq-id=\"izBWW\" class=\"brz-css-ltR9_\">\n<p class=\"brz-fsft-lg-0 brz-fwdth-lg-100 brz-vfw-lg-400 brz-lh-lg-1_3 brz-ls-lg-0 brz-fw-lg-400 brz-fss-lg-px brz-fs-lg-34 brz-ft-google brz-ff-lexend_deca brz-tp-lg-empty brz-css-rUxn8\" data-generated-css=\"brz-css-a9L42\" data-uniq-id=\"bq0Zp\"><span class=\"brz-cp-color2\" style=\"color: rgba(var(--brz-global-color2),1);\">C\u00f3mo utilizamos su informaci\u00f3n<\/span><\/p>\n<p data-generated-css=\"brz-css-uiGvY\" data-uniq-id=\"yR7NG\" class=\"brz-css-sHBMg\">\n<p data-generated-css=\"brz-css-fRw5H\" data-uniq-id=\"csZqJ\" class=\"brz-css-d2MEt\"><\/p>\n<p data-generated-css=\"brz-css-tdlsF\" data-uniq-id=\"t5aQW\" class=\"brz-css-z25zv\">Utilizamos la informaci\u00f3n que nos proporciona para<\/p>\n<p data-generated-css=\"brz-css-bd7oQ\" data-uniq-id=\"aoDsj\" class=\"brz-css-henaq\"><\/p>\n<p data-generated-css=\"brz-css-nRo0x\" data-uniq-id=\"myUdg\" class=\"brz-css-pQIE6\">Procesar y tramitar su compra o consulta sobre cachorros.<\/p>\n<p data-generated-css=\"brz-css-eMXGQ\" data-uniq-id=\"eSuQz\" class=\"brz-css-xbsI5\"><\/p>\n<p data-generated-css=\"brz-css-cJIQG\" data-uniq-id=\"rM43f\" class=\"brz-css-mk41p\">Comunicarnos con usted en relaci\u00f3n con su pedido, entrega o cualquier pregunta que pueda tener.<\/p>\n<p data-generated-css=\"brz-css-rW1RZ\" data-uniq-id=\"vnSK5\" class=\"brz-css-sXxvy\"><\/p>\n<p data-generated-css=\"brz-css-wat0V\" data-uniq-id=\"iW3bJ\" class=\"brz-css-yjSuY\">Enviar actualizaciones, promociones u ofertas especiales (s\u00f3lo si ha dado su consentimiento).<\/p>\n<p data-generated-css=\"brz-css-oQE87\" data-uniq-id=\"l8Mz4\" class=\"brz-css-kbw8Q\"><\/p>\n<p data-generated-css=\"brz-css-cj_1m\" data-uniq-id=\"v5RvS\" class=\"brz-css-jGYbw\">Mejorar nuestro sitio web, nuestros servicios y la experiencia del cliente.<\/p>\n<p data-generated-css=\"brz-css-yxwxe\" data-uniq-id=\"dvbCn\" class=\"brz-css-pTzoz\"><\/p>\n<p data-generated-css=\"brz-css-j0anV\" data-uniq-id=\"yCNMz\" class=\"brz-css-jsqGp\">\n<p class=\"brz-fsft-lg-0 brz-fwdth-lg-100 brz-vfw-lg-400 brz-lh-lg-1_3 brz-ls-lg-0 brz-fw-lg-400 brz-fss-lg-px brz-fs-lg-34 brz-ft-google brz-ff-lexend_deca brz-tp-lg-empty brz-css-auhKW\" data-generated-css=\"brz-css-yFVwm\" data-uniq-id=\"ra1vH\"><span class=\"brz-cp-color2\" style=\"color: rgba(var(--brz-global-color2),1);\">Compartir su informaci\u00f3n<\/span><\/p>\n<p data-generated-css=\"brz-css-p1KEh\" data-uniq-id=\"ud42X\" class=\"brz-css-hMB6j\"><\/p>\n<p data-generated-css=\"brz-css-tbsCH\" data-uniq-id=\"xDl5d\" class=\"brz-css-gkJRa\">\n<p data-generated-css=\"brz-css-jPEQY\" data-uniq-id=\"l6mRM\" class=\"brz-css-fPXyv\">No vendemos ni alquilamos sus datos personales a terceros. Su informaci\u00f3n s\u00f3lo puede compartirse con<\/p>\n<p data-generated-css=\"brz-css-nH4oU\" data-uniq-id=\"iDyV0\" class=\"brz-css-bO1zL\"><\/p>\n<p data-generated-css=\"brz-css-jYFE7\" data-uniq-id=\"f4Fpt\" class=\"brz-css-mp35y\">Socios de entrega y transporte de confianza para garantizar la llegada segura de su cachorro.<\/p>\n<p data-generated-css=\"brz-css-iw14J\" data-uniq-id=\"d5_bv\" class=\"brz-css-qMF13\"><\/p>\n<p data-generated-css=\"brz-css-h5UW4\" data-uniq-id=\"cymit\" class=\"brz-css-ywgGH\">Procesadores de pagos para completar transacciones seguras.<\/p>\n<p data-generated-css=\"brz-css-q0DJ_\" data-uniq-id=\"yWdV4\" class=\"brz-css-xarQ2\"><\/p>\n<p data-generated-css=\"brz-css-bKH0x\" data-uniq-id=\"h7tUh\" class=\"brz-css-jDRiK\">Autoridades legales si as\u00ed lo exige la ley.<\/p>\n<p class=\"brz-tp-lg-paragraph brz-css-jCclg\" data-generated-css=\"brz-css-nY5IX\" data-uniq-id=\"ehB51\"><\/p>\n<p data-generated-css=\"brz-css-tiDUS\" data-uniq-id=\"erQ3G\" class=\"brz-tp-lg-empty brz-ff-lexend_deca brz-ft-google brz-fs-lg-34 brz-fss-lg-px brz-fw-lg-400 brz-ls-lg-0 brz-lh-lg-1_9 brz-vfw-lg-400 brz-fwdth-lg-100 brz-fsft-lg-0 brz-css-hgEOg\"><span style=\"color: rgba(var(--brz-global-color2),1);\" class=\"brz-cp-color2\">Sus derechos<\/span><\/p>\n<p class=\"brz-tp-lg-paragraph brz-css-uixGw\" data-generated-css=\"brz-css-hkyjX\" data-uniq-id=\"vZULi\"><\/p>\n<p class=\"brz-tp-lg-paragraph brz-css-w25xA\" data-generated-css=\"brz-css-hHXMf\" data-uniq-id=\"ja43j\">Tiene derecho a solicitar acceso a la informaci\u00f3n personal que tenemos sobre usted, solicitar correcciones o pedir que se supriman sus datos. Para ello, s\u00f3lo tiene que ponerse en contacto con nosotros utilizando los datos que figuran a continuaci\u00f3n.<\/p>\n<p class=\"brz-tp-lg-paragraph brz-css-sUqXq\" data-generated-css=\"brz-css-mUc6b\" data-uniq-id=\"pyGR9\"><\/p>\n<p data-generated-css=\"brz-css-v5k2C\" data-uniq-id=\"h_PV1\" class=\"brz-fss-lg-px brz-fw-lg-400 brz-ls-lg-0 brz-lh-lg-1_9 brz-vfw-lg-400 brz-fwdth-lg-100 brz-fsft-lg-0 brz-tp-lg-empty brz-ff-overpass brz-ft-google brz-fs-lg-34 brz-css-mEw28\"><span style=\"color: rgba(var(--brz-global-color2),1);\" class=\"brz-cp-color2\">P\u00f3ngase en contacto con nosotros<\/span><\/p>\n<p class=\"brz-tp-lg-paragraph brz-css-is5Ef\" data-generated-css=\"brz-css-hEahP\" data-uniq-id=\"jc28c\"><\/p>\n<p class=\"brz-tp-lg-paragraph brz-css-u7AhK\" data-generated-css=\"brz-css-berY2\" data-uniq-id=\"ftuW3\">Si tiene alguna pregunta sobre esta pol\u00edtica de privacidad o sobre el tratamiento de sus datos, puede ponerse en contacto con nosotros en:<\/p>\n<p class=\"brz-tp-lg-paragraph brz-css-xzUtA\" data-generated-css=\"brz-css-jc63y\" data-uniq-id=\"ya1Iw\">Correo electr\u00f3nico: contacto.cachorrosdirecto@gmail.com<\/p>\n<p class=\"brz-tp-lg-paragraph brz-css-fPTZ5\" data-generated-css=\"brz-css-x0Sk3\" data-uniq-id=\"hJc69\">Tel\u00e9fono: +34 611 32 34 25 <\/p>\n<\/div>\n<\/div>\n<\/div>\n<\/div>\n<\/div>\n<\/section><\/div>\n<p><!-- version:1770199109 --><\/p>","protected":false},"excerpt":{"rendered":"<p>Pol\u00edtica de Privacidad En Cachorros Directo, valoramos y respetamos su privacidad. Esta pol\u00edtica explica c\u00f3mo recopilamos, utilizamos y protegemos su informaci\u00f3n personal cuando visita nuestro sitio web o se pone en contacto con nosotros. Al utilizar nuestros servicios, usted acepta las pr\u00e1cticas descritas a continuaci\u00f3n. Informaci\u00f3n que recogemos Podemos recoger los siguientes tipos de informaci\u00f3n: [&hellip;]<\/p>","protected":false},"author":1,"featured_media":0,"parent":0,"menu_order":0,"comment_status":"closed","ping_status":"closed","template":"brizy-blank-template.php","meta":{"site-sidebar-layout":"default","site-content-layout":"","ast-site-content-layout":"","site-content-style":"default","site-sidebar-style":"default","ast-global-header-display":"","ast-banner-title-visibility":"","ast-main-header-display":"","ast-hfb-above-header-display":"","ast-hfb-below-header-display":"","ast-hfb-mobile-header-display":"","site-post-title":"","ast-breadcrumbs-content":"","ast-featured-img":"","footer-sml-layout":"","theme-transparent-header-meta":"","adv-header-id-meta":"","stick-header-meta":"","header-above-stick-meta":"","header-main-stick-meta":"","header-below-stick-meta":"","astra-migrate-meta-layouts":"default","ast-page-background-enabled":"default","ast-page-background-meta":{"desktop":{"background-color":"var(--ast-global-color-4)","background-image":"","background-repeat":"repeat","background-position":"center center","background-size":"auto","background-attachment":"scroll","background-type":"","background-media":"","overlay-type":"","overlay-color":"","overlay-gradient":""},"tablet":{"background-color":"","background-image":"","background-repeat":"repeat","background-position":"center center","background-size":"auto","background-attachment":"scroll","background-type":"","background-media":"","overlay-type":"","overlay-color":"","overlay-gradient":""},"mobile":{"background-color":"","background-image":"","background-repeat":"repeat","background-position":"center center","background-size":"auto","background-attachment":"scroll","background-type":"","background-media":"","overlay-type":"","overlay-color":"","overlay-gradient":""}},"ast-content-background-meta":{"desktop":{"background-color":"var(--ast-global-color-5)","background-image":"","background-repeat":"repeat","background-position":"center center","background-size":"auto","background-attachment":"scroll","background-type":"","background-media":"","overlay-type":"","overlay-color":"","overlay-gradient":""},"tablet":{"background-color":"var(--ast-global-color-5)","background-image":"","background-repeat":"repeat","background-position":"center center","background-size":"auto","background-attachment":"scroll","background-type":"","background-media":"","overlay-type":"","overlay-color":"","overlay-gradient":""},"mobile":{"background-color":"var(--ast-global-color-5)","background-image":"","background-repeat":"repeat","background-position":"center center","background-size":"auto","background-attachment":"scroll","background-type":"","background-media":"","overlay-type":"","overlay-color":"","overlay-gradient":""}},"footnotes":""},"class_list":["post-3","page","type-page","status-publish","hentry"],"_hostinger_reach_plugin_has_subscription_block":false,"_hostinger_reach_plugin_is_elementor":false,"brizy_media":[],"_links":{"self":[{"href":"https:\/\/cachorrosdirectoenventa.es\/nl\/wp-json\/wp\/v2\/pages\/3","targetHints":{"allow":["GET"]}}],"collection":[{"href":"https:\/\/cachorrosdirectoenventa.es\/nl\/wp-json\/wp\/v2\/pages"}],"about":[{"href":"https:\/\/cachorrosdirectoenventa.es\/nl\/wp-json\/wp\/v2\/types\/page"}],"author":[{"embeddable":true,"href":"https:\/\/cachorrosdirectoenventa.es\/nl\/wp-json\/wp\/v2\/users\/1"}],"replies":[{"embeddable":true,"href":"https:\/\/cachorrosdirectoenventa.es\/nl\/wp-json\/wp\/v2\/comments?post=3"}],"version-history":[{"count":5,"href":"https:\/\/cachorrosdirectoenventa.es\/nl\/wp-json\/wp\/v2\/pages\/3\/revisions"}],"predecessor-version":[{"id":3470,"href":"https:\/\/cachorrosdirectoenventa.es\/nl\/wp-json\/wp\/v2\/pages\/3\/revisions\/3470"}],"wp:attachment":[{"href":"https:\/\/cachorrosdirectoenventa.es\/nl\/wp-json\/wp\/v2\/media?parent=3"}],"curies":[{"name":"wp","href":"https:\/\/api.w.org\/{rel}","templated":true}]}}